{"id":3274,"date":"2026-02-17T12:46:13","date_gmt":"2026-02-17T20:46:13","guid":{"rendered":"https:\/\/iddmhsummit.com\/?page_id=3274"},"modified":"2026-02-17T16:03:24","modified_gmt":"2026-02-18T00:03:24","slug":"2026-summit","status":"publish","type":"page","link":"https:\/\/iddmhsummit.com\/es\/","title":{"rendered":"2026 Pre-Conference"},"content":{"rendered":"<div data-elementor-type=\"wp-page\" data-elementor-id=\"3274\" class=\"elementor elementor-3274\" data-elementor-post-type=\"page\">\n\t\t\t\t<div class=\"elementor-element elementor-element-b4dccab e-flex e-con-boxed e-con e-parent\" data-id=\"b4dccab\" data-element_type=\"container\" data-e-type=\"container\" data-settings=\"{&quot;background_background&quot;:&quot;classic&quot;}\">\n\t\t\t\t\t<div class=\"e-con-inner\">\n\t\t\t\t<div class=\"elementor-element elementor-element-e73ecc9 elementor-widget elementor-widget-heading\" data-id=\"e73ecc9\" data-element_type=\"widget\" data-e-type=\"widget\" data-widget_type=\"heading.default\">\n\t\t\t\t<div class=\"elementor-widget-container\">\n\t\t\t\t\t<h2 class=\"elementor-heading-title elementor-size-default\">Cumbre Juvenil 2026 sobre DDII\/Salud Mental<\/h2>\t\t\t\t<\/div>\n\t\t\t\t<\/div>\n\t\t\t\t<div class=\"elementor-element elementor-element-8d218cc elementor-widget elementor-widget-heading\" data-id=\"8d218cc\" data-element_type=\"widget\" data-e-type=\"widget\" data-widget_type=\"heading.default\">\n\t\t\t\t<div class=\"elementor-widget-container\">\n\t\t\t\t\t<div class=\"elementor-heading-title elementor-size-default\">Mi\u00e9rcoles, 5 de agosto de 2026<\/div>\t\t\t\t<\/div>\n\t\t\t\t<\/div>\n\t\t\t\t<div class=\"elementor-element elementor-element-c16201f elementor-widget elementor-widget-heading\" data-id=\"c16201f\" data-element_type=\"widget\" data-e-type=\"widget\" data-widget_type=\"heading.default\">\n\t\t\t\t<div class=\"elementor-widget-container\">\n\t\t\t\t\t<div class=\"elementor-heading-title elementor-size-default\">Centro para exalumnos CH2M en Corvallis<\/div>\t\t\t\t<\/div>\n\t\t\t\t<\/div>\n\t\t\t\t<div class=\"elementor-element elementor-element-4f095ee elementor-align-center elementor-invisible elementor-widget elementor-widget-button\" data-id=\"4f095ee\" data-element_type=\"widget\" data-e-type=\"widget\" data-settings=\"{&quot;_animation&quot;:&quot;rubberBand&quot;}\" data-widget_type=\"button.default\">\n\t\t\t\t<div class=\"elementor-widget-container\">\n\t\t\t\t\t\t\t\t\t<div class=\"elementor-button-wrapper\">\n\t\t\t\t\t<a class=\"elementor-button elementor-button-link elementor-size-sm\" href=\"https:\/\/iddmhsummit.com\/es\/register\/\">\n\t\t\t\t\t\t<span class=\"elementor-button-content-wrapper\">\n\t\t\t\t\t\t\t\t\t<span class=\"elementor-button-text\">Reg\u00edstrese ahora<\/span>\n\t\t\t\t\t<\/span>\n\t\t\t\t\t<\/a>\n\t\t\t\t<\/div>\n\t\t\t\t\t\t\t\t<\/div>\n\t\t\t\t<\/div>\n\t\t\t\t<div class=\"elementor-element elementor-element-2ac7ee7 elementor-icon-list--layout-inline elementor-align-center elementor-list-item-link-full_width elementor-widget elementor-widget-icon-list\" data-id=\"2ac7ee7\" data-element_type=\"widget\" data-e-type=\"widget\" data-widget_type=\"icon-list.default\">\n\t\t\t\t<div class=\"elementor-widget-container\">\n\t\t\t\t\t\t\t<ul class=\"elementor-icon-list-items elementor-inline-items\">\n\t\t\t\t\t\t\t<li class=\"elementor-icon-list-item elementor-inline-item\">\n\t\t\t\t\t\t\t\t\t\t\t<a href=\"https:\/\/iddmhsummit.com\/es\/request-for-proposals\/\">\n\n\t\t\t\t\t\t\t\t\t\t\t\t<span class=\"elementor-icon-list-icon\">\n\t\t\t\t\t\t\t<i aria-hidden=\"true\" class=\"fab fa-slideshare\"><\/i>\t\t\t\t\t\t<\/span>\n\t\t\t\t\t\t\t\t\t\t<span class=\"elementor-icon-list-text\">Aprende sobre c\u00f3mo organizar una sesi\u00f3n<\/span>\n\t\t\t\t\t\t\t\t\t\t\t<\/a>\n\t\t\t\t\t\t\t\t\t<\/li>\n\t\t\t\t\t\t\t\t<li class=\"elementor-icon-list-item elementor-inline-item\">\n\t\t\t\t\t\t\t\t\t\t\t<a href=\"https:\/\/iddmhsummit.com\/es\/exhibitor-table\/\">\n\n\t\t\t\t\t\t\t\t\t\t\t\t<span class=\"elementor-icon-list-icon\">\n\t\t\t\t\t\t\t<i aria-hidden=\"true\" class=\"far fa-building\"><\/i>\t\t\t\t\t\t<\/span>\n\t\t\t\t\t\t\t\t\t\t<span class=\"elementor-icon-list-text\">Reg\u00edstrate para una mesa de expositor<\/span>\n\t\t\t\t\t\t\t\t\t\t\t<\/a>\n\t\t\t\t\t\t\t\t\t<\/li>\n\t\t\t\t\t\t<\/ul>\n\t\t\t\t\t\t<\/div>\n\t\t\t\t<\/div>\n\t\t\t\t\t<\/div>\n\t\t\t\t<\/div>\n\t\t<div class=\"elementor-element elementor-element-471a8cd e-flex e-con-boxed e-con e-parent\" data-id=\"471a8cd\" data-element_type=\"container\" data-e-type=\"container\">\n\t\t\t\t\t<div class=\"e-con-inner\">\n\t\t<div class=\"elementor-element elementor-element-de37d09 e-con-full e-flex e-con e-child\" data-id=\"de37d09\" data-element_type=\"container\" data-e-type=\"container\">\n\t\t\t\t<div class=\"elementor-element elementor-element-84d7bef elementor-widget elementor-widget-heading\" data-id=\"84d7bef\" data-element_type=\"widget\" data-e-type=\"widget\" data-widget_type=\"heading.default\">\n\t\t\t\t<div class=\"elementor-widget-container\">\n\t\t\t\t\t<h2 class=\"elementor-heading-title elementor-size-default\">\u00bfQu\u00e9 es la Cumbre?<\/h2>\t\t\t\t<\/div>\n\t\t\t\t<\/div>\n\t\t\t\t<div class=\"elementor-element elementor-element-0c64fe0 elementor-widget elementor-widget-text-editor\" data-id=\"0c64fe0\" data-element_type=\"widget\" data-e-type=\"widget\" data-widget_type=\"text-editor.default\">\n\t\t\t\t<div class=\"elementor-widget-container\">\n\t\t\t\t\t\t\t\t\t<p>La Cumbre Juvenil sobre DI y Salud Mental re\u00fane a los oregonianos para fortalecer la manera en que apoyamos a los j\u00f3venes que experimentan tanto discapacidades intelectuales y del desarrollo (DI) como desaf\u00edos de salud mental.<\/p>\t\t\t\t\t\t\t\t<\/div>\n\t\t\t\t<\/div>\n\t\t\t\t<div class=\"elementor-element elementor-element-944538f elementor-widget elementor-widget-text-editor\" data-id=\"944538f\" data-element_type=\"widget\" data-e-type=\"widget\" data-widget_type=\"text-editor.default\">\n\t\t\t\t<div class=\"elementor-widget-container\">\n\t\t\t\t\t\t\t\t\t<p>Visualizamos un Oreg\u00f3n donde los j\u00f3venes con discapacidad intelectual y necesidades de salud mental son apoyados por personas compasivas y bien informadas, y por sistemas flexibles y colaborativos.<\/p>\t\t\t\t\t\t\t\t<\/div>\n\t\t\t\t<\/div>\n\t\t\t\t<div class=\"elementor-element elementor-element-795a29e elementor-widget elementor-widget-heading\" data-id=\"795a29e\" data-element_type=\"widget\" data-e-type=\"widget\" data-widget_type=\"heading.default\">\n\t\t\t\t<div class=\"elementor-widget-container\">\n\t\t\t\t\t<h2 class=\"elementor-heading-title elementor-size-default\">Por qu\u00e9 esto es importante para Oreg\u00f3n<\/h2>\t\t\t\t<\/div>\n\t\t\t\t<\/div>\n\t\t\t\t<div class=\"elementor-element elementor-element-4842684 elementor-widget elementor-widget-text-editor\" data-id=\"4842684\" data-element_type=\"widget\" data-e-type=\"widget\" data-widget_type=\"text-editor.default\">\n\t\t\t\t<div class=\"elementor-widget-container\">\n\t\t\t\t\t\t\t\t\t<p>Los sistemas de Oreg\u00f3n son complejos y a menudo dif\u00edciles de navegar. Muchas personas hacen lo mejor que pueden sin un idioma compartido ni conexiones s\u00f3lidas entre sistemas y roles. La Cumbre Juvenil de Discapacidad Intelectual\/Desarrollo y Salud Mental crea un terreno com\u00fan, fortalece las relaciones y apoya acciones m\u00e1s claras y seguras.<\/p>\t\t\t\t\t\t\t\t<\/div>\n\t\t\t\t<\/div>\n\t\t\t\t<\/div>\n\t\t<div class=\"elementor-element elementor-element-dbcd585 e-con-full e-flex e-con e-child\" data-id=\"dbcd585\" data-element_type=\"container\" data-e-type=\"container\">\n\t\t\t\t<div class=\"elementor-element elementor-element-1f18892 elementor-widget elementor-widget-heading\" data-id=\"1f18892\" data-element_type=\"widget\" data-e-type=\"widget\" data-widget_type=\"heading.default\">\n\t\t\t\t<div class=\"elementor-widget-container\">\n\t\t\t\t\t<h2 class=\"elementor-heading-title elementor-size-default\">\u00bfPara qui\u00e9n es?<\/h2>\t\t\t\t<\/div>\n\t\t\t\t<\/div>\n\t\t\t\t<div class=\"elementor-element elementor-element-2b80560 elementor-widget elementor-widget-text-editor\" data-id=\"2b80560\" data-element_type=\"widget\" data-e-type=\"widget\" data-widget_type=\"text-editor.default\">\n\t\t\t\t<div class=\"elementor-widget-container\">\n\t\t\t\t\t\t\t\t\t<p>La Cumbre de Salud Mental para J\u00f3venes con Discapacidad Intelectual y del Desarrollo est\u00e1 dirigida principalmente a profesionales de todo Oreg\u00f3n que apoyan a j\u00f3venes con discapacidad intelectual y del desarrollo y necesidades de salud mental a trav\u00e9s de su trabajo en sistemas y servicios. La Cumbre tambi\u00e9n incluye a j\u00f3venes con experiencia vivida y miembros de familias cuyas perspectivas ayudan a fundamentar el aprendizaje e informar el cambio a nivel sist\u00e9mico.<\/p><p>Nuestro p\u00fablico incluye:<\/p><ul><li>Salud mental y proveedores de atenci\u00f3n m\u00e9dica<\/li><li>Educadores, personal escolar y administradores<\/li><li>Gerentes de caso, coordinadores de servicios y socios del sistema de DI (Discapacidad Intelectual y del Desarrollo)<\/li><li>Abogados, l\u00edderes comunitarios y profesionales enfocados en pol\u00edticas<\/li><\/ul><p>\u00a0<\/p><p>La Cumbre re\u00fane a estos grupos en un espacio compartido para aprender unos de otros y profundizar las relaciones entre los sistemas.<\/p>\t\t\t\t\t\t\t\t<\/div>\n\t\t\t\t<\/div>\n\t\t\t\t<\/div>\n\t\t\t\t\t<\/div>\n\t\t\t\t<\/div>\n\t\t<div class=\"elementor-element elementor-element-74bc52a e-flex e-con-boxed e-con e-parent\" data-id=\"74bc52a\" data-element_type=\"container\" data-e-type=\"container\" data-settings=\"{&quot;background_background&quot;:&quot;classic&quot;}\">\n\t\t\t\t\t<div class=\"e-con-inner\">\n\t\t\t\t<div class=\"elementor-element elementor-element-5536fb2 elementor-widget elementor-widget-heading\" data-id=\"5536fb2\" data-element_type=\"widget\" data-e-type=\"widget\" data-widget_type=\"heading.default\">\n\t\t\t\t<div class=\"elementor-widget-container\">\n\t\t\t\t\t<h2 class=\"elementor-heading-title elementor-size-default\">\u00bfListo para unirte a nosotros?<\/h2>\t\t\t\t<\/div>\n\t\t\t\t<\/div>\n\t\t\t\t<div class=\"elementor-element elementor-element-453812a elementor-align-center elementor-widget elementor-widget-button\" data-id=\"453812a\" data-element_type=\"widget\" data-e-type=\"widget\" data-widget_type=\"button.default\">\n\t\t\t\t<div class=\"elementor-widget-container\">\n\t\t\t\t\t\t\t\t\t<div class=\"elementor-button-wrapper\">\n\t\t\t\t\t<a class=\"elementor-button elementor-button-link elementor-size-sm\" href=\"https:\/\/iddmhsummit.com\/es\/register\/\">\n\t\t\t\t\t\t<span class=\"elementor-button-content-wrapper\">\n\t\t\t\t\t\t\t\t\t<span class=\"elementor-button-text\">\u00a1Reg\u00edstrese ahora!<\/span>\n\t\t\t\t\t<\/span>\n\t\t\t\t\t<\/a>\n\t\t\t\t<\/div>\n\t\t\t\t\t\t\t\t<\/div>\n\t\t\t\t<\/div>\n\t\t\t\t\t<\/div>\n\t\t\t\t<\/div>\n\t\t\t\t<\/div>","protected":false},"excerpt":{"rendered":"<p>2026 Youth IDD\/Mental Health Summit Wednesday, August 5, 2026 CH2M Alumni Center in Corvallis Register now Learn about hosting a session Sign up for an Exhibitor table What is the Summit? The Youth IDD &amp; Mental Health Summit brings Oregonians together to strengthen how we support youth who experience both intellectual and developmental disabilities (IDD) [&hellip;]<\/p>\n","protected":false},"author":4,"featured_media":0,"parent":0,"menu_order":0,"comment_status":"closed","ping_status":"closed","template":"","meta":{"_monsterinsights_skip_tracking":false,"_monsterinsights_sitenote_active":false,"_monsterinsights_sitenote_note":"","_monsterinsights_sitenote_category":0,"footnotes":""},"class_list":["post-3274","page","type-page","status-publish","hentry"],"aioseo_notices":[],"_links":{"self":[{"href":"https:\/\/iddmhsummit.com\/es\/wp-json\/wp\/v2\/pages\/3274","targetHints":{"allow":["GET"]}}],"collection":[{"href":"https:\/\/iddmhsummit.com\/es\/wp-json\/wp\/v2\/pages"}],"about":[{"href":"https:\/\/iddmhsummit.com\/es\/wp-json\/wp\/v2\/types\/page"}],"author":[{"embeddable":true,"href":"https:\/\/iddmhsummit.com\/es\/wp-json\/wp\/v2\/users\/4"}],"replies":[{"embeddable":true,"href":"https:\/\/iddmhsummit.com\/es\/wp-json\/wp\/v2\/comments?post=3274"}],"version-history":[{"count":47,"href":"https:\/\/iddmhsummit.com\/es\/wp-json\/wp\/v2\/pages\/3274\/revisions"}],"predecessor-version":[{"id":3357,"href":"https:\/\/iddmhsummit.com\/es\/wp-json\/wp\/v2\/pages\/3274\/revisions\/3357"}],"wp:attachment":[{"href":"https:\/\/iddmhsummit.com\/es\/wp-json\/wp\/v2\/media?parent=3274"}],"curies":[{"name":"wp","href":"https:\/\/api.w.org\/{rel}","templated":true}]}}